
{"id":994,"date":"2025-10-28T04:07:41","date_gmt":"2025-10-28T04:07:41","guid":{"rendered":"https:\/\/idohomeschooling.com\/?page_id=994"},"modified":"2025-12-15T02:58:09","modified_gmt":"2025-12-15T02:58:09","slug":"nosotros","status":"publish","type":"page","link":"https:\/\/idohomeschooling.com\/?page_id=994","title":{"rendered":"Nosotros"},"content":{"rendered":"\n<div class=\"wp-block-group animated backInLeft is-layout-flow wp-block-group-is-layout-flow\" style=\"padding-top:var(--wp--preset--spacing--40);padding-right:var(--wp--preset--spacing--40);padding-bottom:var(--wp--preset--spacing--40);padding-left:var(--wp--preset--spacing--40)\">\n<h3 class=\"wp-block-heading has-text-align-left has-text-color\" style=\"color:#445b70;font-size:clamp(18.959px, 1.185rem + ((1vw - 3.2px) * 0.977), 30px);\"><strong><strong>\u00bfQu\u00e9 es <mark style=\"background-color:rgba(0, 0, 0, 0);color:#c2a933\" class=\"has-inline-color\">YO HAGO<\/mark> HOMESCHOOLING?<\/strong><\/strong><\/h3>\n\n\n\n<p style=\"font-size:clamp(14px, 0.875rem + ((1vw - 3.2px) * 0.177), 16px);\">Hace m\u00e1s de 3 a\u00f1os, Homeschool Latino Am\u00e9rica (HLA) surgi\u00f3 de la necesidad de <strong>acompa\u00f1ar y respaldar a las familias dedicadas a la educaci\u00f3n en casa<\/strong>. Nuestro prop\u00f3sito es brindar la tranquilidad de una soluci\u00f3n oficial para que los estudios de tus hijos sean v\u00e1lidos en Estados Unidos y en su pa\u00eds de origen.<\/p>\n<\/div>\n\n\n\n<div class=\"wp-block-group animated backInRight is-layout-flow wp-block-group-is-layout-flow\" style=\"padding-top:var(--wp--preset--spacing--40);padding-right:var(--wp--preset--spacing--40);padding-bottom:var(--wp--preset--spacing--40);padding-left:var(--wp--preset--spacing--40)\">\n<h3 class=\"wp-block-heading has-text-color\" style=\"color:#445b70;font-size:clamp(15.747px, 0.984rem + ((1vw - 3.2px) * 0.73), 24px);\">Nuestra historia<\/h3>\n\n\n\n<p class=\"has-neve-text-color-color has-text-color\" style=\"font-size:clamp(14px, 0.875rem + ((1vw - 3.2px) * 0.177), 16px);\">Somos una comunidad y entidad dedicada a redefinir la educaci\u00f3n en casa.<br><br>Nacemos de la profunda convicci\u00f3n de que el hogar es el primer y m\u00e1s poderoso entorno de aprendizaje. En esencia, somos un faro de apoyo y conocimiento para las familias que han elegido el camino del homeschooling, entendiendo que esta decisi\u00f3n es un acto de amor y la b\u00fasqueda de un potencial m\u00e1s alto para sus hijos.<\/p>\n<\/div>\n\n\n\n<div class=\"wp-block-columns is-layout-flex wp-container-core-columns-is-layout-28f84493 wp-block-columns-is-layout-flex\">\n<div class=\"wp-block-column is-layout-flow wp-block-column-is-layout-flow\">\n<div class=\"wp-block-cover aligncenter is-style-default\" style=\"border-radius:16px\"><img fetchpriority=\"high\" decoding=\"async\" width=\"1280\" height=\"1280\" class=\"wp-block-cover__image-background wp-image-1613 size-full\" alt=\"\" src=\"https:\/\/idohomeschooling.com\/wp-content\/uploads\/2025\/12\/Mision.webp\" data-object-fit=\"cover\" srcset=\"https:\/\/idohomeschooling.com\/wp-content\/uploads\/2025\/12\/Mision.webp 1280w, https:\/\/idohomeschooling.com\/wp-content\/uploads\/2025\/12\/Mision-300x300.webp 300w, https:\/\/idohomeschooling.com\/wp-content\/uploads\/2025\/12\/Mision-1024x1024.webp 1024w, https:\/\/idohomeschooling.com\/wp-content\/uploads\/2025\/12\/Mision-150x150.webp 150w\" sizes=\"(max-width: 1280px) 100vw, 1280px\" \/><span aria-hidden=\"true\" class=\"wp-block-cover__background has-background-dim\"><\/span><div class=\"wp-block-cover__inner-container has-global-padding is-layout-constrained wp-block-cover-is-layout-constrained\">\n<h2 class=\"wp-block-heading has-white-color has-text-color\" style=\"font-size:clamp(16.834px, 1.052rem + ((1vw - 3.2px) * 0.811), 26px);\"><strong>Nuestra Misi\u00f3n:<\/strong><\/h2>\n\n\n\n<p class=\"has-nv-dark-bg-color has-text-color\" style=\"font-size:clamp(14px, 0.875rem + ((1vw - 3.2px) * 0.177), 16px);\">Empoderamos a cada familia para que se convierta en la arquitecta de la educaci\u00f3n de sus hijos; nuestro enfoque se basa en brindar el apoyo administrativo para que, con amor, paciencia y dedicaci\u00f3n, los padres formen a sus hijos no solo con habilidades acad\u00e9micas, sino con los valores y la resiliencia emocional que los convertir\u00e1n en:<br><br>&#8211; Individuos felices y productivos<br>&#8211; Capaces de alcanzar su m\u00e1s alto potencial.<\/p>\n<\/div><\/div>\n<\/div>\n\n\n\n<div class=\"wp-block-column is-layout-flow wp-block-column-is-layout-flow\">\n<div class=\"wp-block-cover aligncenter is-style-default\" style=\"border-radius:16px\"><img decoding=\"async\" class=\"wp-block-cover__image-background wp-image-1616 size-full\" alt=\"\" src=\"https:\/\/idohomeschooling.com\/wp-content\/uploads\/2025\/12\/Vision.jpg\" data-object-fit=\"cover\"\/><span aria-hidden=\"true\" class=\"wp-block-cover__background has-background-dim-40 has-background-dim\"><\/span><div class=\"wp-block-cover__inner-container has-global-padding is-layout-constrained wp-block-cover-is-layout-constrained\">\n<h2 class=\"wp-block-heading has-white-color has-text-color\"><strong>Nuestra Visi\u00f3n:<\/strong><\/h2>\n\n\n\n<p class=\"has-neve-text-color-color has-text-color\">Ser el referente global y la plataforma de soporte administrativo esencial que valida y potencia la educaci\u00f3n en casa. Aspiramos a un futuro donde cada familia se sienta totalmente respaldada y equipada para guiar a sus hijos a trav\u00e9s de un modelo educativo que promueva la excelencia acad\u00e9mica, el desarrollo de valores profundos y la resiliencia, demostrando que el I DO HOMESCHOOLING es el camino efectivo para formar la pr\u00f3xima generaci\u00f3n de l\u00edderes felices con alto potencial.<\/p>\n<\/div><\/div>\n<\/div>\n<\/div>\n\n\n\n<div class=\"wp-block-cover alignfull is-light\" style=\"padding-top:var(--wp--preset--spacing--80);padding-bottom:var(--wp--preset--spacing--80);min-height:600px;aspect-ratio:unset;\"><span aria-hidden=\"true\" class=\"wp-block-cover__background has-nv-light-bg-background-color has-background-dim-0 has-background-dim\"><\/span><div class=\"wp-block-cover__inner-container is-layout-flow wp-block-cover-is-layout-flow\">\n<div class=\"wp-block-group is-layout-flow wp-block-group-is-layout-flow\">\n<div class=\"wp-block-columns is-layout-flex wp-container-core-columns-is-layout-28f84493 wp-block-columns-is-layout-flex\">\n<div class=\"wp-block-column is-layout-flow wp-block-column-is-layout-flow\" style=\"flex-basis:20%\">\n<div class=\"wp-block-group is-vertical is-content-justification-center is-layout-flex wp-container-core-group-is-layout-ce155fab wp-block-group-is-layout-flex\"><\/div>\n<\/div>\n\n\n\n<div class=\"wp-block-column is-layout-flow wp-block-column-is-layout-flow\" style=\"flex-basis:60%\">\n<div class=\"wp-block-group is-vertical is-content-justification-center is-layout-flex wp-container-core-group-is-layout-ce155fab wp-block-group-is-layout-flex\">\n<h2 class=\"wp-block-heading has-text-align-center has-text-color has-link-color has-large-font-size wp-elements-f764ec8df82421eeaf234943ab62f4a9\" style=\"color:#445b70\"><strong>Nuestro STAFF<\/strong><\/h2>\n<\/div>\n<\/div>\n\n\n\n<div class=\"wp-block-column is-layout-flow wp-block-column-is-layout-flow\" style=\"flex-basis:20%\">\n<div class=\"wp-block-group is-vertical is-content-justification-center is-layout-flex wp-container-core-group-is-layout-ce155fab wp-block-group-is-layout-flex\"><\/div>\n<\/div>\n<\/div>\n\n\n\n<div class=\"wp-block-columns is-layout-flex wp-container-core-columns-is-layout-28f84493 wp-block-columns-is-layout-flex\">\n<div class=\"wp-block-column is-layout-flow wp-block-column-is-layout-flow\" style=\"padding-right:var(--wp--preset--spacing--30);padding-left:var(--wp--preset--spacing--30)\">\n<figure class=\"wp-block-image aligncenter size-full has-custom-border is-style-default\"><img decoding=\"async\" width=\"256\" height=\"256\" src=\"https:\/\/idohomeschooling.com\/wp-content\/uploads\/2025\/11\/Johana-1.webp\" alt=\"\" class=\"wp-image-1413\" style=\"border-radius:16px;object-fit:cover\" srcset=\"https:\/\/idohomeschooling.com\/wp-content\/uploads\/2025\/11\/Johana-1.webp 256w, https:\/\/idohomeschooling.com\/wp-content\/uploads\/2025\/11\/Johana-1-150x150.webp 150w\" sizes=\"(max-width: 256px) 100vw, 256px\" \/><\/figure>\n\n\n\n<div style=\"height:24px\" aria-hidden=\"true\" class=\"wp-block-spacer\"><\/div>\n\n\n\n<h3 class=\"wp-block-heading has-text-align-center has-neve-text-color-color has-text-color\"><strong>Johanna Altamirano<\/strong><\/h3>\n\n\n\n<p class=\"has-text-align-center has-neve-text-color-color has-text-color has-small-font-size\">Directora YHH<br>Administradora<br>Mam\u00e1 HomeSchool<\/p>\n\n\n\n<div style=\"height:40px\" aria-hidden=\"true\" class=\"wp-block-spacer\"><\/div>\n<\/div>\n\n\n\n<div class=\"wp-block-column is-layout-flow wp-block-column-is-layout-flow\" style=\"padding-right:var(--wp--preset--spacing--30);padding-left:var(--wp--preset--spacing--30)\">\n<figure class=\"wp-block-image aligncenter size-full has-custom-border is-style-default\"><img decoding=\"async\" width=\"256\" height=\"256\" src=\"https:\/\/idohomeschooling.com\/wp-content\/uploads\/2025\/12\/Eliana-P.webp\" alt=\"\" class=\"wp-image-1618\" style=\"border-radius:16px\" srcset=\"https:\/\/idohomeschooling.com\/wp-content\/uploads\/2025\/12\/Eliana-P.webp 256w, https:\/\/idohomeschooling.com\/wp-content\/uploads\/2025\/12\/Eliana-P-150x150.webp 150w\" sizes=\"(max-width: 256px) 100vw, 256px\" \/><\/figure>\n\n\n\n<div style=\"height:24px\" aria-hidden=\"true\" class=\"wp-block-spacer\"><\/div>\n\n\n\n<h3 class=\"wp-block-heading has-text-align-center has-neve-text-color-color has-text-color\"><strong>Gabriela Ba\u00f1os<\/strong><\/h3>\n\n\n\n<p class=\"has-text-align-center has-neve-text-color-color has-text-color has-small-font-size\">Administradora de grupo<br>Asesora AppleCore<br>Magister en neuropsicolog\u00eda<\/p>\n\n\n\n<div style=\"height:40px\" aria-hidden=\"true\" class=\"wp-block-spacer\"><\/div>\n<\/div>\n\n\n\n<div class=\"wp-block-column is-layout-flow wp-block-column-is-layout-flow\" style=\"padding-right:var(--wp--preset--spacing--30);padding-left:var(--wp--preset--spacing--30)\">\n<figure class=\"wp-block-image aligncenter size-full has-custom-border is-style-default\"><img loading=\"lazy\" decoding=\"async\" width=\"256\" height=\"256\" src=\"https:\/\/idohomeschooling.com\/wp-content\/uploads\/2025\/11\/Juan.webp\" alt=\"\" class=\"wp-image-1415\" style=\"border-radius:16px\" srcset=\"https:\/\/idohomeschooling.com\/wp-content\/uploads\/2025\/11\/Juan.webp 256w, https:\/\/idohomeschooling.com\/wp-content\/uploads\/2025\/11\/Juan-150x150.webp 150w\" sizes=\"(max-width: 256px) 100vw, 256px\" \/><\/figure>\n\n\n\n<div style=\"height:24px\" aria-hidden=\"true\" class=\"wp-block-spacer\"><\/div>\n\n\n\n<h3 class=\"wp-block-heading has-text-align-center has-neve-text-color-color has-text-color\">Juan Pilamunga<\/h3>\n\n\n\n<p class=\"has-text-align-center has-neve-text-color-color has-text-color has-small-font-size\">Comunicaci\u00f3n, administraci\u00f3n y finanzas<br>Pap\u00e1 HomeSchool<\/p>\n\n\n\n<div style=\"height:40px\" aria-hidden=\"true\" class=\"wp-block-spacer\"><\/div>\n<\/div>\n\n\n\n<div class=\"wp-block-column is-layout-flow wp-block-column-is-layout-flow\" style=\"padding-right:var(--wp--preset--spacing--30);padding-left:var(--wp--preset--spacing--30)\">\n<figure class=\"wp-block-image aligncenter size-full has-custom-border is-style-default\"><img loading=\"lazy\" decoding=\"async\" width=\"256\" height=\"256\" src=\"https:\/\/idohomeschooling.com\/wp-content\/uploads\/2025\/12\/Gabriela-B.webp\" alt=\"\" class=\"wp-image-1631\" style=\"border-radius:16px\" srcset=\"https:\/\/idohomeschooling.com\/wp-content\/uploads\/2025\/12\/Gabriela-B.webp 256w, https:\/\/idohomeschooling.com\/wp-content\/uploads\/2025\/12\/Gabriela-B-150x150.webp 150w\" sizes=\"(max-width: 256px) 100vw, 256px\" \/><\/figure>\n\n\n\n<div style=\"height:24px\" aria-hidden=\"true\" class=\"wp-block-spacer\"><\/div>\n\n\n\n<h3 class=\"wp-block-heading has-text-align-center has-neve-text-color-color has-text-color\"><strong>Eliana Panches<\/strong><\/h3>\n\n\n\n<p class=\"has-text-align-center has-neve-text-color-color has-text-color has-small-font-size\">Administradora de grupo<br>Ing. Administraci\u00f3n de empresas<\/p>\n\n\n\n<div style=\"height:40px\" aria-hidden=\"true\" class=\"wp-block-spacer\"><\/div>\n<\/div>\n<\/div>\n\n\n\n<div class=\"wp-block-columns has-nv-text-dark-bg-color has-text-color has-background has-link-color wp-elements-61be3945a6b2370aa99d8aadf723ba8d is-layout-flex wp-container-core-columns-is-layout-82c5a6db wp-block-columns-is-layout-flex\" style=\"border-radius:24px;background-color:#445b70;padding-top:var(--wp--preset--spacing--70);padding-right:var(--wp--preset--spacing--70);padding-bottom:var(--wp--preset--spacing--70);padding-left:var(--wp--preset--spacing--70)\">\n<div class=\"wp-block-column is-layout-flow wp-container-core-column-is-layout-0ab540ad wp-block-column-is-layout-flow\" style=\"flex-basis:100%\">\n<h3 class=\"wp-block-heading has-text-align-center has-text-color has-link-color has-large-font-size wp-elements-eba700d82b6d78443331528f457b32c6\" style=\"color:#ffd700\"><br><strong>\u00abAl educar en equipo, crecemos sin l\u00edmites.\u00bb<\/strong><\/h3>\n<\/div>\n<\/div>\n<\/div>\n<\/div><\/div>\n\n\n\n<p><\/p>\n","protected":false},"excerpt":{"rendered":"<p>\u00bfQu\u00e9 es YO HAGO HOMESCHOOLING? Hace m\u00e1s de 3 a\u00f1os, Homeschool Latino Am\u00e9rica (HLA) surgi\u00f3 de la necesidad de acompa\u00f1ar y respaldar a las familias dedicadas a la educaci\u00f3n en casa. Nuestro prop\u00f3sito es brindar la tranquilidad de una soluci\u00f3n oficial para que los estudios de tus hijos sean v\u00e1lidos en Estados Unidos y en &hellip; <\/p>\n<p class=\"link-more\"><a href=\"https:\/\/idohomeschooling.com\/?page_id=994\" class=\"more-link\">Leer m\u00e1s<span class=\"screen-reader-text\"> \u00abNosotros\u00bb<\/span><\/a><\/p>\n","protected":false},"author":1,"featured_media":0,"parent":0,"menu_order":0,"comment_status":"closed","ping_status":"closed","template":"elementor_header_footer","meta":{"_uag_custom_page_level_css":"","inspiro_hide_title":false,"_joinchat":[],"footnotes":""},"class_list":["post-994","page","type-page","status-publish","hentry"],"uagb_featured_image_src":{"full":false,"thumbnail":false,"medium":false,"medium_large":false,"large":false,"1536x1536":false,"2048x2048":false,"inspiro-featured-image":false,"inspiro-loop":false,"inspiro-loop@2x":false,"portfolio_item-thumbnail":false,"portfolio_item-thumbnail@2x":false,"portfolio_item-masonry":false,"portfolio_item-masonry@2x":false,"portfolio_item-thumbnail_cinema":false,"portfolio_item-thumbnail_portrait":false,"portfolio_item-thumbnail_portrait@2x":false,"portfolio_item-thumbnail_square":false},"uagb_author_info":{"display_name":"santiago","author_link":"https:\/\/idohomeschooling.com\/?author=1"},"uagb_comment_info":0,"uagb_excerpt":"\u00bfQu\u00e9 es YO HAGO HOMESCHOOLING? Hace m\u00e1s de 3 a\u00f1os, Homeschool Latino Am\u00e9rica (HLA) surgi\u00f3 de la necesidad de acompa\u00f1ar y respaldar a las familias dedicadas a la educaci\u00f3n en casa. Nuestro prop\u00f3sito es brindar la tranquilidad de una soluci\u00f3n oficial para que los estudios de tus hijos sean v\u00e1lidos en Estados Unidos y en&hellip;","featured_media_urls":[],"_links":{"self":[{"href":"https:\/\/idohomeschooling.com\/index.php?rest_route=\/wp\/v2\/pages\/994","targetHints":{"allow":["GET"]}}],"collection":[{"href":"https:\/\/idohomeschooling.com\/index.php?rest_route=\/wp\/v2\/pages"}],"about":[{"href":"https:\/\/idohomeschooling.com\/index.php?rest_route=\/wp\/v2\/types\/page"}],"author":[{"embeddable":true,"href":"https:\/\/idohomeschooling.com\/index.php?rest_route=\/wp\/v2\/users\/1"}],"replies":[{"embeddable":true,"href":"https:\/\/idohomeschooling.com\/index.php?rest_route=%2Fwp%2Fv2%2Fcomments&post=994"}],"version-history":[{"count":109,"href":"https:\/\/idohomeschooling.com\/index.php?rest_route=\/wp\/v2\/pages\/994\/revisions"}],"predecessor-version":[{"id":1746,"href":"https:\/\/idohomeschooling.com\/index.php?rest_route=\/wp\/v2\/pages\/994\/revisions\/1746"}],"wp:attachment":[{"href":"https:\/\/idohomeschooling.com\/index.php?rest_route=%2Fwp%2Fv2%2Fmedia&parent=994"}],"curies":[{"name":"wp","href":"https:\/\/api.w.org\/{rel}","templated":true}]}}