
{"id":946,"date":"2020-01-13T11:17:52","date_gmt":"2020-01-13T11:17:52","guid":{"rendered":"https:\/\/demosites.io\/marketing-agency-gb\/?page_id=5"},"modified":"2025-12-15T02:59:40","modified_gmt":"2025-12-15T02:59:40","slug":"inicio","status":"publish","type":"page","link":"https:\/\/idohomeschooling.com\/","title":{"rendered":"I do homeschooling"},"content":{"rendered":"\n<div class=\"wp-block-cover alignfull is-light\" style=\"min-height:700px;aspect-ratio:unset;\"><img fetchpriority=\"high\" decoding=\"async\" width=\"1640\" height=\"922\" class=\"wp-block-cover__image-background wp-image-608\" alt=\"\" src=\"https:\/\/idohomeschooling.com\/wp-content\/uploads\/2024\/05\/neve-hero-2.png\" style=\"object-position:50% 50%\" data-object-fit=\"cover\" data-object-position=\"50% 50%\" srcset=\"https:\/\/idohomeschooling.com\/wp-content\/uploads\/2024\/05\/neve-hero-2.png 1640w, https:\/\/idohomeschooling.com\/wp-content\/uploads\/2024\/05\/neve-hero-2-300x169.png 300w\" sizes=\"(max-width: 1640px) 100vw, 1640px\" \/><span aria-hidden=\"true\" class=\"wp-block-cover__background has-background-dim-0 has-background-dim\"><\/span><div class=\"wp-block-cover__inner-container is-layout-flow wp-block-cover-is-layout-flow\">\n<div class=\"wp-block-columns alignwide is-not-stacked-on-mobile is-layout-flex wp-container-core-columns-is-layout-28f84493 wp-block-columns-is-layout-flex\">\n<div class=\"wp-block-column is-vertically-aligned-top is-layout-flow wp-block-column-is-layout-flow\" style=\"padding-right:var(--wp--preset--spacing--20);padding-left:var(--wp--preset--spacing--20);flex-basis:60%\">\n<h2 class=\"wp-block-heading has-text-align-left animated backInLeft has-text-color\" style=\"color:#efb810\"><strong>Educaci\u00f3n en casa: <\/strong><br><strong><strong>\u00ab<\/strong>Calidad que el mundo reconoce\u00bb<\/strong><\/h2>\n\n\n\n<p class=\"has-text-align-left has-white-color has-text-color\" style=\"font-size:clamp(14px, 0.875rem + ((1vw - 3.2px) * 0.442), 19px);\"><strong>El aprendizaje que trasciende fronteras.<\/strong><br><br><strong>\u00abLa tranquilidad de validar su Homeschooling a nivel mundial: Acompa\u00f1amiento experto, reconocimiento en EE. UU. y el soporte internacional que asegura la graduaci\u00f3n de sus hijos\u00bb<\/strong><\/p>\n\n\n\n<div class=\"wp-block-buttons is-horizontal is-content-justification-left is-layout-flex wp-container-core-buttons-is-layout-20be11b6 wp-block-buttons-is-layout-flex\">\n<div class=\"wp-block-button is-style-primary animated bounce\"><a class=\"wp-block-button__link has-background-background-color has-text-color has-background has-link-color has-small-font-size has-custom-font-size wp-element-button\" href=\"https:\/\/docs.google.com\/forms\/d\/e\/1FAIpQLScwO4kec92gGFEeNtPTDmKUk0qJ3_EKlAGEfH8ghisniswZCA\/viewform\" style=\"border-top-left-radius:20px;border-top-right-radius:20px;border-bottom-left-radius:20px;border-bottom-right-radius:20px;color:#0a2279\" target=\"_blank\" rel=\"noreferrer noopener\">Inscripciones<br>LATAM 25\/26<br>(Marzo-Diciembre)<\/a><\/div>\n\n\n\n<div class=\"wp-block-button is-style-secondary animated bounce\"><a class=\"wp-block-button__link has-nv-text-dark-bg-color has-text-color has-link-color has-small-font-size has-custom-font-size wp-element-button\" href=\"https:\/\/docs.google.com\/forms\/d\/e\/1FAIpQLScyOhCcd0aSsAgBW3Nu3wOXlkUvOuBuumwGHONcIWnmYwvnTg\/viewform\" style=\"border-top-left-radius:20px;border-top-right-radius:20px;border-bottom-left-radius:20px;border-bottom-right-radius:20px\" target=\"_blank\" rel=\"noreferrer noopener\">Inscripciones<br>USA 25\/26<br>(Agosto-Mayo)<\/a><\/div>\n<\/div>\n\n\n\n<div style=\"height:100px\" aria-hidden=\"true\" class=\"wp-block-spacer\"><\/div>\n<\/div>\n\n\n\n<div class=\"wp-block-column is-vertically-aligned-top is-layout-flow wp-block-column-is-layout-flow\">\n<figure class=\"wp-block-image size-full animated backInRight\"><img decoding=\"async\" width=\"1287\" height=\"1920\" src=\"https:\/\/idohomeschooling.com\/wp-content\/uploads\/2025\/10\/nino.webp\" alt=\"\" class=\"wp-image-1029\" srcset=\"https:\/\/idohomeschooling.com\/wp-content\/uploads\/2025\/10\/nino.webp 1287w, https:\/\/idohomeschooling.com\/wp-content\/uploads\/2025\/10\/nino-201x300.webp 201w, https:\/\/idohomeschooling.com\/wp-content\/uploads\/2025\/10\/nino-686x1024.webp 686w, https:\/\/idohomeschooling.com\/wp-content\/uploads\/2025\/10\/nino-768x1146.webp 768w, https:\/\/idohomeschooling.com\/wp-content\/uploads\/2025\/10\/nino-1030x1536.webp 1030w\" sizes=\"(max-width: 1287px) 100vw, 1287px\" \/><\/figure>\n<\/div>\n<\/div>\n<\/div><\/div>\n\n\n\n<div class=\"wp-block-cover alignfull is-light has-neve-text-color-color has-text-color has-link-color wp-elements-9c1398d48d37afd36918527bfc1516f0\" style=\"padding-top:0;padding-bottom:0;min-height:1000px;aspect-ratio:unset;\"><span aria-hidden=\"true\" class=\"wp-block-cover__background has-nv-light-bg-background-color has-background-dim-0 has-background-dim\"><\/span><div class=\"wp-block-cover__inner-container is-layout-flow wp-block-cover-is-layout-flow\">\n<div class=\"wp-block-group is-layout-flow wp-block-group-is-layout-flow\">\n<div class=\"wp-block-columns is-layout-flex wp-container-core-columns-is-layout-28f84493 wp-block-columns-is-layout-flex\">\n<div class=\"wp-block-column is-layout-flow wp-block-column-is-layout-flow\" style=\"padding-right:0;padding-left:0;flex-basis:20%\">\n<div class=\"wp-block-group is-vertical is-content-justification-center is-layout-flex wp-container-core-group-is-layout-ce155fab wp-block-group-is-layout-flex\"><\/div>\n<\/div>\n\n\n\n<div class=\"wp-block-column is-layout-flow wp-block-column-is-layout-flow\" style=\"flex-basis:60%\">\n<div class=\"wp-block-group is-vertical is-content-justification-center is-layout-flex wp-container-core-group-is-layout-ce155fab wp-block-group-is-layout-flex\">\n<h2 class=\"wp-block-heading has-text-align-center animated fadeIn has-text-color has-link-color wp-elements-540408cb35c62ba7712600deea1f3bec\" style=\"color:#445b70\">Que te ofrecemos en <br><mark style=\"background-color:rgba(0, 0, 0, 0);color:#c2a933\" class=\"has-inline-color\">YO HAGO<\/mark> HOMESCHOOLING<\/h2>\n\n\n\n<p class=\"has-text-align-center has-neve-text-color-color has-text-color has-link-color wp-elements-a509f4e2c239dbd31f1b0a693263c5ca\"><br><em><strong>M\u00e1s que un Servicio, un Puente: <\/strong><\/em><br><em><strong>Nuestros Pilares de Apoyo<\/strong><\/em>.<\/p>\n\n\n\n<p class=\"has-text-align-center has-neve-text-color-color has-text-color has-link-color wp-elements-18734f20c2ddf9745649970e8b990c20\">En nuestro acompa\u00f1amiento a las familias, nuestro enfoque es ir m\u00e1s all\u00e1 de la mera validaci\u00f3n. Nos dedicamos a ser el soporte integral que asegura su \u00e9xito y tranquilidad en la educaci\u00f3n en casa.<\/p>\n\n\n\n<div style=\"height:0px\" aria-hidden=\"true\" class=\"wp-block-spacer wp-container-content-541a6b20\"><\/div>\n<\/div>\n<\/div>\n\n\n\n<div class=\"wp-block-column is-layout-flow wp-block-column-is-layout-flow\" style=\"flex-basis:20%\">\n<div class=\"wp-block-group is-vertical is-content-justification-center is-layout-flex wp-container-core-group-is-layout-ce155fab wp-block-group-is-layout-flex\"><\/div>\n<\/div>\n<\/div>\n\n\n\n<div class=\"wp-block-columns is-layout-flex wp-container-core-columns-is-layout-28f84493 wp-block-columns-is-layout-flex\">\n<div class=\"wp-block-column is-vertically-aligned-center is-layout-flow wp-block-column-is-layout-flow\" style=\"padding-right:var(--wp--preset--spacing--30);padding-left:var(--wp--preset--spacing--30);flex-basis:25%\">\n<figure class=\"wp-block-image aligncenter size-full is-resized has-custom-border animated zoomIn\"><img decoding=\"async\" width=\"334\" height=\"536\" src=\"https:\/\/idohomeschooling.com\/wp-content\/uploads\/2025\/11\/nino-estudiando.webp\" alt=\"\" class=\"wp-image-1116\" style=\"border-radius:16px;width:259px;height:auto\" srcset=\"https:\/\/idohomeschooling.com\/wp-content\/uploads\/2025\/11\/nino-estudiando.webp 334w, https:\/\/idohomeschooling.com\/wp-content\/uploads\/2025\/11\/nino-estudiando-187x300.webp 187w\" sizes=\"(max-width: 334px) 100vw, 334px\" \/><\/figure>\n<\/div>\n\n\n\n<div class=\"wp-block-column is-layout-flow wp-block-column-is-layout-flow\" style=\"flex-basis:75%\">\n<figure class=\"wp-block-table is-style-regular\"><table class=\"has-fixed-layout\" style=\"border-style:none;border-width:0px\"><tbody><tr><td class=\"has-text-align-center\" data-align=\"center\"><img decoding=\"async\" src=\"https:\/\/idohomeschooling.com\/wp-content\/uploads\/2025\/11\/icon-1-150x150.webp\" alt=\"\"><\/td><td class=\"has-text-align-center\" data-align=\"center\"><img decoding=\"async\" src=\"https:\/\/idohomeschooling.com\/wp-content\/uploads\/2025\/11\/icon-2-150x150.webp\" alt=\"\"><\/td><td class=\"has-text-align-center\" data-align=\"center\"><img decoding=\"async\" src=\"https:\/\/idohomeschooling.com\/wp-content\/uploads\/2025\/11\/icon-3-150x150.webp\" alt=\"\"><\/td><\/tr><tr><td class=\"has-text-align-center\" data-align=\"center\"><br>Validez mundial para su <em>Homeschooling<\/em> virtual, gracias al reconocimiento oficial de la HAYA.<\/td><td class=\"has-text-align-center\" data-align=\"center\">Estudiar en casa o desde cualquier parte del mundo.<\/td><td class=\"has-text-align-center\" data-align=\"center\">Dise\u00f1e el horario perfecto para su familia, asegurando el tiempo libre que se convierte en espacio para la exploraci\u00f3n y el dominio de nuevas habilidades.<\/td><\/tr><tr><td class=\"has-text-align-center\" data-align=\"center\"><img decoding=\"async\" src=\"https:\/\/idohomeschooling.com\/wp-content\/uploads\/2025\/11\/icon-4-150x150.webp\" alt=\"\"><\/td><td class=\"has-text-align-center\" data-align=\"center\"><img decoding=\"async\" src=\"https:\/\/idohomeschooling.com\/wp-content\/uploads\/2025\/11\/icon-5-150x150.webp\" alt=\"\"><\/td><td class=\"has-text-align-center\" data-align=\"center\"><img decoding=\"async\" src=\"https:\/\/idohomeschooling.com\/wp-content\/uploads\/2025\/11\/icon-6-150x150.webp\" alt=\"\"><\/td><\/tr><tr><td class=\"has-text-align-center\" data-align=\"center\">Libertad de elegir tu propio curr\u00edculo y aprender a tu ritmo.<\/td><td class=\"has-text-align-center\" data-align=\"center\">Proveemos un espacio de encuentros para contenci\u00f3n y acompa\u00f1amiento emocional.<\/td><td class=\"has-text-align-center\" data-align=\"center\">Apoyo del 100% en la gesti\u00f3n administrativa. (Apostilla de documentos legales)<\/td><\/tr><\/tbody><\/table><\/figure>\n<\/div>\n<\/div>\n<\/div>\n<\/div><\/div>\n\n\n\n<div class=\"wp-block-cover alignfull is-light\" style=\"padding-top:var(--wp--preset--spacing--80);padding-bottom:var(--wp--preset--spacing--80);min-height:600px;aspect-ratio:unset;\"><span aria-hidden=\"true\" class=\"wp-block-cover__background has-nv-site-bg-background-color has-background-dim-0 has-background-dim\"><\/span><div class=\"wp-block-cover__inner-container is-layout-flow wp-block-cover-is-layout-flow\">\n<div class=\"wp-block-group is-layout-flow wp-block-group-is-layout-flow\">\n<h2 class=\"wp-block-heading has-text-align-center animated backInLeft has-text-color\" style=\"color:#445b70\">\u00bfQu\u00e9 es la escuela sombrilla?<\/h2>\n\n\n\n<div class=\"wp-block-columns are-vertically-aligned-center is-layout-flex wp-container-core-columns-is-layout-28f84493 wp-block-columns-is-layout-flex\">\n<div class=\"wp-block-column is-vertically-aligned-center is-layout-flow wp-block-column-is-layout-flow\" style=\"padding-right:var(--wp--preset--spacing--30);padding-left:var(--wp--preset--spacing--30);flex-basis:70%\">\n<div class=\"wp-block-cover aligncenter is-light\"><img loading=\"lazy\" decoding=\"async\" width=\"1067\" height=\"738\" class=\"wp-block-cover__image-background wp-image-1331 size-full\" alt=\"\" src=\"https:\/\/idohomeschooling.com\/wp-content\/uploads\/2025\/11\/mancha-amarillo.webp\" data-object-fit=\"cover\" srcset=\"https:\/\/idohomeschooling.com\/wp-content\/uploads\/2025\/11\/mancha-amarillo.webp 1067w, https:\/\/idohomeschooling.com\/wp-content\/uploads\/2025\/11\/mancha-amarillo-300x207.webp 300w, https:\/\/idohomeschooling.com\/wp-content\/uploads\/2025\/11\/mancha-amarillo-1024x708.webp 1024w, https:\/\/idohomeschooling.com\/wp-content\/uploads\/2025\/11\/mancha-amarillo-768x531.webp 768w\" sizes=\"(max-width: 1067px) 100vw, 1067px\" \/><span aria-hidden=\"true\" class=\"wp-block-cover__background has-nv-text-dark-bg-background-color has-background-dim-0 has-background-dim\"><\/span><div class=\"wp-block-cover__inner-container has-global-padding is-layout-constrained wp-block-cover-is-layout-constrained\">\n<p class=\"has-text-align-left has-neve-text-color-color has-text-color\" style=\"font-size:clamp(14px, 0.875rem + ((1vw - 3.2px) * 0.265), 17px);px\">En EE: UU existe las escuelas sombrilla que nos permite validar estudios acad\u00e9micos internacionales por medio de convenio de la HAYA, que son v\u00e1lidos en varios lugares del mundo y permite acceder a estudios superiores.<\/p>\n<\/div><\/div>\n\n\n\n<div style=\"height:20px\" aria-hidden=\"true\" class=\"wp-block-spacer\"><\/div>\n<\/div>\n\n\n\n<div class=\"wp-block-column is-vertically-aligned-center is-layout-flow wp-block-column-is-layout-flow\" style=\"padding-right:var(--wp--preset--spacing--30);padding-left:var(--wp--preset--spacing--30);flex-basis:50%\">\n<figure class=\"wp-block-image size-full has-custom-border is-style-default\"><img loading=\"lazy\" decoding=\"async\" width=\"444\" height=\"483\" src=\"https:\/\/idohomeschooling.com\/wp-content\/uploads\/2025\/10\/escuela-sombrilla.png\" alt=\"\" class=\"wp-image-1022\" style=\"border-radius:16px\" srcset=\"https:\/\/idohomeschooling.com\/wp-content\/uploads\/2025\/10\/escuela-sombrilla.png 444w, https:\/\/idohomeschooling.com\/wp-content\/uploads\/2025\/10\/escuela-sombrilla-276x300.png 276w\" sizes=\"(max-width: 444px) 100vw, 444px\" \/><\/figure>\n<\/div>\n<\/div>\n<\/div>\n<\/div><\/div>\n\n\n\n<div class=\"wp-block-cover is-light\" style=\"min-height:100px;aspect-ratio:unset;\"><span aria-hidden=\"true\" class=\"wp-block-cover__background has-background-dim-100 has-background-dim\" style=\"background-color:#f0cb15\"><\/span><div class=\"wp-block-cover__inner-container has-global-padding is-layout-constrained wp-block-cover-is-layout-constrained\">\n<h1 class=\"wp-block-heading has-text-align-center has-link-color wp-elements-eff94f9549358144210ec1544bd3b92d\"><a href=\"https:\/\/idohomeschooling.com\/?page_id=10\">QUIERO SER PARTE<\/a><\/h1>\n<\/div><\/div>\n\n\n\n<div class=\"wp-block-uagb-container uagb-block-daf721be alignfull uagb-is-root-container\"><div class=\"uagb-container-inner-blocks-wrap\">\n<h2 class=\"wp-block-heading has-text-align-center animated backInLeft o-anim-hover has-text-color\" style=\"color:#445b70\">Testimonios de las familias<\/h2>\n\n\n\n<div class=\"wp-block-uagb-slider uagb-block-3795cb7a uagb-slider-container\"><div class=\"uagb-slides uagb-swiper\"><div class=\"swiper-wrapper\">\n<div class=\"wp-block-uagb-slider-child uagb-slider-child-wrap swiper-slide uagb-block-2c28f688\"><div class=\"swiper-content\">\n<div class=\"wp-block-uagb-container uagb-block-35c64912\">\n<figure class=\"wp-block-image aligncenter size-full is-resized has-custom-border\"><img loading=\"lazy\" decoding=\"async\" width=\"730\" height=\"481\" src=\"https:\/\/idohomeschooling.com\/wp-content\/uploads\/2025\/10\/familia.png\" alt=\"\" class=\"wp-image-1023\" style=\"border-top-left-radius:20px;border-top-right-radius:20px;border-bottom-left-radius:20px;border-bottom-right-radius:20px;width:500px\" srcset=\"https:\/\/idohomeschooling.com\/wp-content\/uploads\/2025\/10\/familia.png 730w, https:\/\/idohomeschooling.com\/wp-content\/uploads\/2025\/10\/familia-300x198.png 300w\" sizes=\"(max-width: 730px) 100vw, 730px\" \/><\/figure>\n\n\n\n<h3 class=\"wp-block-heading has-text-align-center\"><strong>Familia Gallardo Santander<\/strong><\/h3>\n\n\n\n<p class=\"has-text-align-center\">El homeschooling con HomeLife Academy: una bendici\u00f3n para nuestra familia.<br>Iniciamos el homeschooling con la convicci\u00f3n de que nuestros hijos aprendan a amar a Dios con todo su coraz\u00f3n, alma, mente y fuerzas, sintiendo nuestro amor como padres para aprender a amarle tambi\u00e9n. As\u00ed seguimos la instrucci\u00f3n de Deuteronomio 6:5-7, hablando de \u00c9l en casa y en el camino, y ense\u00f1ando tambi\u00e9n a amar al pr\u00f3jimo, empezando como hermanos.<\/p>\n<\/div>\n<\/div><\/div>\n\n\n\n<div class=\"wp-block-uagb-slider-child uagb-slider-child-wrap swiper-slide uagb-block-0c50c815\"><div class=\"swiper-content\">\n<div class=\"wp-block-uagb-container uagb-block-5429a440\">\n<figure class=\"wp-block-image aligncenter size-medium has-custom-border is-style-default animated zoomIn\"><img decoding=\"async\" src=\"https:\/\/idohomeschooling.com\/wp-content\/uploads\/2025\/12\/Delia-Balla-300x300.jpg\" alt=\"\" class=\"wp-image-1646\" style=\"border-radius:16px\"\/><\/figure>\n\n\n\n<h3 class=\"wp-block-heading has-text-align-center\"><strong><strong>Delia Balla<\/strong><\/strong><\/h3>\n\n\n\n<p class=\"has-text-align-center has-neve-text-color-color has-text-color\" style=\"font-size:clamp(14px, 0.875rem + ((1vw - 3.2px) * 0.265), 17px);px\">\u00abComo mam\u00e1 Homeschooler, he tenido una experiencia incre\u00edble con Homelife Academy. Ha sido una verdadera bendici\u00f3n para nuestra familia. He visto c\u00f3mo mis hijos han desarrollado talentos y capacidades que ni siquiera sab\u00eda que ten\u00edan, y se han podido involucrar en los negocios familiares de manera significativa. Me ha permitido ense\u00f1arles valores y principios que les han ayudado a crecer como siervos de Dios, llenos de fe y prop\u00f3sito, y a entender la importancia de la familia y el trabajo en equipo.\u00bb<\/p>\n<\/div>\n<\/div><\/div>\n\n\n\n<div class=\"wp-block-uagb-slider-child uagb-slider-child-wrap swiper-slide uagb-block-75b26879\"><div class=\"swiper-content\">\n<div class=\"wp-block-uagb-container uagb-block-b41ddd9b\">\n<figure class=\"wp-block-image aligncenter size-medium has-custom-border animated zoomIn\"><img decoding=\"async\" src=\"https:\/\/idohomeschooling.com\/wp-content\/uploads\/2025\/12\/Andrea-Nunez-300x300.jpg\" alt=\"\" class=\"wp-image-1645\" style=\"border-radius:16px\"\/><\/figure>\n\n\n\n<h3 class=\"wp-block-heading has-text-align-center\"><strong><strong><strong>Andrea N\u00fa\u00f1ez G.<\/strong><\/strong><\/strong><\/h3>\n\n\n\n<p class=\"has-text-align-center\">\u00abMi experiencia como mam\u00e1 homeschooler ha sido maravillosa y enriquecedora en todos los sentidos, ya que nos ha unido m\u00e1s como familia, tambi\u00e9n nos ha permitido conocer de cerca sus motivaciones y entender que metodolog\u00eda va a necesitar para ayudarlo en las diferentes etapas de aprendizaje\u00bb.<\/p>\n<\/div>\n<\/div><\/div>\n\n\n\n<div class=\"wp-block-uagb-slider-child uagb-slider-child-wrap swiper-slide uagb-block-2f11b502\"><div class=\"swiper-content\">\n<div class=\"wp-block-uagb-container uagb-block-7b097058\">\n<figure class=\"wp-block-image aligncenter size-medium has-custom-border animated zoomIn\"><img decoding=\"async\" src=\"https:\/\/idohomeschooling.com\/wp-content\/uploads\/2025\/12\/Bernarda-300x300.jpg\" alt=\"\" class=\"wp-image-1647\" style=\"border-radius:16px;aspect-ratio:1;object-fit:cover\"\/><\/figure>\n\n\n\n<h3 class=\"wp-block-heading has-text-align-center\"><strong><strong><strong><strong>Bernarda Castillo<\/strong><\/strong><\/strong><\/strong><\/h3>\n\n\n\n<p class=\"has-text-align-center\">\u00abMi experiencia en estos \u00faltimos cuatro a\u00f1os educando en casa, ha sido de las m\u00e1s gratificantes que he tenido en toda mi vida, la libertad que tenemos con nuestras hijas de enfocarnos en sus intereses individuales, hace que cada d\u00eda compartamos experiencias y vivencias \u00fanicas, donde la vida misma es la escuela, donde el aprendizaje es continuo y menos estresante, sin barreras en lo que ellas quieren conocer\u00bb.<\/p>\n<\/div>\n<\/div><\/div>\n<\/div><\/div><div class=\"swiper-pagination\"><\/div><div class=\"swiper-button-prev\"><\/div><div class=\"swiper-button-next\"><\/div><\/div>\n<\/div><\/div>\n\n\n\n<div style=\"height:30px\" aria-hidden=\"true\" class=\"wp-block-spacer\"><\/div>\n\n\n\n<div class=\"wp-block-uagb-container uagb-block-70f4985c alignfull uagb-is-root-container\"><div class=\"uagb-container-inner-blocks-wrap\">\n<h2 class=\"wp-block-heading has-text-align-center has-text-color has-link-color wp-elements-08115a21bd09f8fc91907decf11e9ca3\" style=\"color:#445b70\">NUESTROS GRADUADOS<\/h2>\n\n\n\n<figure class=\"wp-block-image aligncenter size-full\"><img decoding=\"async\" src=\"https:\/\/idohomeschooling.com\/wp-content\/uploads\/2025\/12\/graduados.png\" alt=\"\" class=\"wp-image-1651\"\/><\/figure>\n\n\n\n<p>Soy Sarahi Auncancela, me gradue en HomeLife Academy, mi escuela no tuvo timbre ni paredes, y el mundo entero fue mi sal\u00f3n de clases. Aprend\u00ed que la educaci\u00f3n no es una carrera de velocidad, sino un viaje propio. Mi educaci\u00f3n fue dise\u00f1ada a mi medida, y mi futuro tambi\u00e9n lo ser\u00e1.<br><br>El homeschooling no me protegi\u00f3 del mundo real, me dio las herramientas para conquistarlo bajo mis propios t\u00e9rminos. M\u00e1s valioso que este diploma es la habilidad que gan\u00e9 para ser due\u00f1a de mi propio aprendizaje para siempre. Me grad\u00fao de la escuela de la vida, con la mejor base que mi hogar pudo darme. La autodisciplina fue mi materia m\u00e1s dif\u00edcil y mi mayor logro. Ahora me encuentro estudiando en la Universidad y apoyando en nuestro negocio familiar.<br><br>Gracias a mis padres por ser mis maestros, directores y mayores animadores. El \u00e9xito es nuestro.<\/p>\n<\/div><\/div>\n\n\n\n<div class=\"wp-block-uagb-info-box uagb-block-630894c5 uagb-infobox__content-wrap  uagb-infobox_cta-type-all uagb-infobox-icon-above-title uagb-infobox-image-valign-top\"><a href=\"https:\/\/idohomeschooling.com\/?page_id=10\" class=\"uagb-infobox-link-wrap uagb-infbox__link-to-all\" target=\"_self\" aria-label=\"Infobox Link\" rel=\"noopener noreferrer\" onclick=\"return true;\"><\/a><div class=\"uagb-ifb-content\"><div class=\"uagb-ifb-icon-wrap\"><svg xmlns=\"https:\/\/www.w3.org\/2000\/svg\" viewBox=\"0 0 512 512\"><path d=\"M0 256C0 114.6 114.6 0 256 0C397.4 0 512 114.6 512 256C512 397.4 397.4 512 256 512C114.6 512 0 397.4 0 256zM371.8 211.8C382.7 200.9 382.7 183.1 371.8 172.2C360.9 161.3 343.1 161.3 332.2 172.2L224 280.4L179.8 236.2C168.9 225.3 151.1 225.3 140.2 236.2C129.3 247.1 129.3 264.9 140.2 275.8L204.2 339.8C215.1 350.7 232.9 350.7 243.8 339.8L371.8 211.8z\"><\/path><\/svg><\/div><div class=\"uagb-ifb-title-wrap\"><h3 class=\"uagb-ifb-title\">QUIERO SER PARTE<\/h3><\/div><div class=\"uagb-ifb-button-wrapper wp-block-button\"><\/div><\/div><\/div>\n","protected":false},"excerpt":{"rendered":"<p>Testimonios de las familias NUESTROS GRADUADOS Soy Sarahi Auncancela, me gradue en HomeLife Academy, mi escuela no tuvo timbre ni paredes, y el mundo entero fue mi sal\u00f3n de clases. Aprend\u00ed que la educaci\u00f3n no es una carrera de velocidad, sino un viaje propio. Mi educaci\u00f3n fue dise\u00f1ada a mi medida, y mi futuro tambi\u00e9n &hellip; <\/p>\n<p class=\"link-more\"><a href=\"https:\/\/idohomeschooling.com\/\" class=\"more-link\">Leer m\u00e1s<span class=\"screen-reader-text\"> \u00abI do homeschooling\u00bb<\/span><\/a><\/p>\n","protected":false},"author":1,"featured_media":0,"parent":0,"menu_order":0,"comment_status":"closed","ping_status":"closed","template":"elementor_header_footer","meta":{"_uag_custom_page_level_css":"","inspiro_hide_title":false,"_joinchat":[],"footnotes":""},"class_list":["post-946","page","type-page","status-publish","hentry"],"uagb_featured_image_src":{"full":false,"thumbnail":false,"medium":false,"medium_large":false,"large":false,"1536x1536":false,"2048x2048":false,"inspiro-featured-image":false,"inspiro-loop":false,"inspiro-loop@2x":false,"portfolio_item-thumbnail":false,"portfolio_item-thumbnail@2x":false,"portfolio_item-masonry":false,"portfolio_item-masonry@2x":false,"portfolio_item-thumbnail_cinema":false,"portfolio_item-thumbnail_portrait":false,"portfolio_item-thumbnail_portrait@2x":false,"portfolio_item-thumbnail_square":false},"uagb_author_info":{"display_name":"santiago","author_link":"https:\/\/idohomeschooling.com\/?author=1"},"uagb_comment_info":0,"uagb_excerpt":"Testimonios de las familias NUESTROS GRADUADOS Soy Sarahi Auncancela, me gradue en HomeLife Academy, mi escuela no tuvo timbre ni paredes, y el mundo entero fue mi sal\u00f3n de clases. Aprend\u00ed que la educaci\u00f3n no es una carrera de velocidad, sino un viaje propio. Mi educaci\u00f3n fue dise\u00f1ada a mi medida, y mi futuro tambi\u00e9n&hellip;","featured_media_urls":[],"_links":{"self":[{"href":"https:\/\/idohomeschooling.com\/index.php?rest_route=\/wp\/v2\/pages\/946","targetHints":{"allow":["GET"]}}],"collection":[{"href":"https:\/\/idohomeschooling.com\/index.php?rest_route=\/wp\/v2\/pages"}],"about":[{"href":"https:\/\/idohomeschooling.com\/index.php?rest_route=\/wp\/v2\/types\/page"}],"author":[{"embeddable":true,"href":"https:\/\/idohomeschooling.com\/index.php?rest_route=\/wp\/v2\/users\/1"}],"replies":[{"embeddable":true,"href":"https:\/\/idohomeschooling.com\/index.php?rest_route=%2Fwp%2Fv2%2Fcomments&post=946"}],"version-history":[{"count":167,"href":"https:\/\/idohomeschooling.com\/index.php?rest_route=\/wp\/v2\/pages\/946\/revisions"}],"predecessor-version":[{"id":1747,"href":"https:\/\/idohomeschooling.com\/index.php?rest_route=\/wp\/v2\/pages\/946\/revisions\/1747"}],"wp:attachment":[{"href":"https:\/\/idohomeschooling.com\/index.php?rest_route=%2Fwp%2Fv2%2Fmedia&parent=946"}],"curies":[{"name":"wp","href":"https:\/\/api.w.org\/{rel}","templated":true}]}}