
{"id":61,"date":"2020-01-23T18:21:52","date_gmt":"2020-01-23T18:21:52","guid":{"rendered":"https:\/\/demosites.io\/marketing-agency-gb\/?page_id=61"},"modified":"2025-12-15T16:25:12","modified_gmt":"2025-12-15T16:25:12","slug":"hla","status":"publish","type":"page","link":"https:\/\/idohomeschooling.com\/?page_id=61","title":{"rendered":"HLA"},"content":{"rendered":"\n<div class=\"wp-block-cover alignfull\" style=\"min-height:320px;aspect-ratio:unset;\"><span aria-hidden=\"true\" class=\"wp-block-cover__background has-ast-global-color-3-background-color has-background-dim-100 has-background-dim\"><\/span><div class=\"wp-block-cover__inner-container is-layout-flow wp-block-cover-is-layout-flow\">\n<div class=\"wp-block-group is-layout-flow wp-block-group-is-layout-flow\" style=\"padding-top:0;padding-right:0;padding-bottom:0;padding-left:0\">\n<h2 class=\"wp-block-heading has-text-align-left has-text-color\" style=\"color:#efb810\"><strong><strong>HomeLife Academy<\/strong><\/strong><\/h2>\n\n\n\n<figure class=\"wp-block-video\"><video height=\"720\" style=\"aspect-ratio: 1280 \/ 720;\" width=\"1280\" controls src=\"https:\/\/idohomeschooling.com\/wp-content\/uploads\/2025\/11\/Ido.mp4\"><\/video><\/figure>\n<\/div>\n<\/div><\/div>\n\n\n\n<div style=\"height:20px\" aria-hidden=\"true\" class=\"wp-block-spacer\"><\/div>\n\n\n\n<div class=\"wp-block-group is-layout-flow wp-block-group-is-layout-flow\" style=\"padding-right:var(--wp--preset--spacing--x-small);padding-left:var(--wp--preset--spacing--x-small)\">\n<p class=\"has-nv-dark-bg-color has-text-color\">Homelife Academy es una innovadora escuela y ministerio cristiano que rompe moldes tradicionales, ofreciendo educaci\u00f3n personalizada a estudiantes de 4 a 17 a\u00f1os o m\u00e1s, en niveles desde Pre-Kinder hasta 12\u00ba grado. Con una visi\u00f3n global, nuestro deseo es ayudar a las familias y educadores en el hogar proporcion\u00e1ndoles acceso a recursos educativos de alta calidad y apoyo constante, sin importar su ubicaci\u00f3n geogr\u00e1fica.<\/p>\n\n\n\n<div style=\"height:20px\" aria-hidden=\"true\" class=\"wp-block-spacer\"><\/div>\n\n\n\n<h3 class=\"wp-block-heading has-text-color has-link-color wp-elements-30a6a4d100eac3e50b298fafc22b3e44\" style=\"color:#445b70\"><strong>DATOS SOBRE HOMELIFE ACADEMY<\/strong><\/h3>\n\n\n\n<div class=\"wp-block-columns is-layout-flex wp-container-core-columns-is-layout-28f84493 wp-block-columns-is-layout-flex\">\n<div class=\"wp-block-column is-layout-flow wp-block-column-is-layout-flow\" style=\"flex-basis:50%\">\n<ul class=\"wp-block-list\">\n<li>Fundada por David y April Parkerson en <strong>2003<\/strong><\/li>\n\n\n\n<li>Comenz\u00f3 a prestar servicios a familias de todo el mundo en <strong>2005<\/strong><\/li>\n\n\n\n<li>Hasta la fecha, HLA ha atendido a m\u00e1s de <strong>145,000<\/strong> estudiantes<\/li>\n\n\n\n<li>Hasta la fecha, HLA ha graduado a m\u00e1s de <strong>26,000<\/strong> estudiantes<\/li>\n\n\n\n<li>Actualmente atiende a <strong>55,000<\/strong> estudiantes activos, m\u00e1s de <strong>11,500<\/strong> estudiantes a nivel mundial<\/li>\n\n\n\n<li>HomeLife Acedemy es una escuela privada de <strong>Categor\u00eda IV Opci\u00f3n III<\/strong> registrada en el Departamento de Educaci\u00f3n del Estado de Tennesse &#8211; <strong>ID de la escuela #9051 LEA #570<\/strong><\/li>\n<\/ul>\n<\/div>\n\n\n\n<div class=\"wp-block-column is-layout-flow wp-block-column-is-layout-flow\" style=\"flex-basis:50%\">\n<figure class=\"wp-block-image aligncenter size-full\"><img fetchpriority=\"high\" decoding=\"async\" width=\"990\" height=\"570\" src=\"https:\/\/idohomeschooling.com\/wp-content\/uploads\/2025\/11\/equipo-HLA.webp\" alt=\"\" class=\"wp-image-1274\" srcset=\"https:\/\/idohomeschooling.com\/wp-content\/uploads\/2025\/11\/equipo-HLA.webp 990w, https:\/\/idohomeschooling.com\/wp-content\/uploads\/2025\/11\/equipo-HLA-300x173.webp 300w, https:\/\/idohomeschooling.com\/wp-content\/uploads\/2025\/11\/equipo-HLA-768x442.webp 768w\" sizes=\"(max-width: 990px) 100vw, 990px\" \/><\/figure>\n<\/div>\n<\/div>\n<\/div>\n\n\n\n<div class=\"wp-block-cover alignfull is-light\" style=\"min-height:150px;aspect-ratio:unset;\"><span aria-hidden=\"true\" class=\"wp-block-cover__background has-light-green-cyan-background-color has-background-dim-10 has-background-dim\"><\/span><div class=\"wp-block-cover__inner-container is-layout-flow wp-block-cover-is-layout-flow\">\n<div class=\"wp-block-group is-layout-flow wp-block-group-is-layout-flow\" style=\"padding-right:var(--wp--preset--spacing--30);padding-left:var(--wp--preset--spacing--30)\">\n<h4 class=\"wp-block-heading has-text-align-center has-text-color has-link-color wp-elements-7e2bf721294795b72ced0dacebf92270\" style=\"color:#445b70\">HomeLife Academy actualmente presta servicios en m\u00e1s de 140 pa\u00edses en todo el mundo.<\/h4>\n\n\n\n<figure class=\"wp-block-image aligncenter size-full\"><img decoding=\"async\" width=\"782\" height=\"489\" src=\"https:\/\/idohomeschooling.com\/wp-content\/uploads\/2025\/11\/Mapa.webp\" alt=\"\" class=\"wp-image-1262\" srcset=\"https:\/\/idohomeschooling.com\/wp-content\/uploads\/2025\/11\/Mapa.webp 782w, https:\/\/idohomeschooling.com\/wp-content\/uploads\/2025\/11\/Mapa-300x188.webp 300w, https:\/\/idohomeschooling.com\/wp-content\/uploads\/2025\/11\/Mapa-768x480.webp 768w\" sizes=\"(max-width: 782px) 100vw, 782px\" \/><\/figure>\n\n\n\n<p class=\"has-nv-dark-bg-color has-text-color has-link-color wp-elements-bf87397de6612de0b0ff9617f08be672\"><br>Conoce si tu pa\u00eds posee normativa legal sobre la educaci\u00f3n en casa y est\u00e1 dentro del convenio de la HAYA, <a href=\"https:\/\/hslda.org\/es\/legal\/internacional\"><strong>aqu\u00ed<\/strong><\/a>.<br>Debe seleccionar el Pa\u00eds o pulsar en el mapa.<\/p>\n<\/div>\n<\/div><\/div>\n\n\n\n<hr class=\"wp-block-separator aligncenter has-alpha-channel-opacity\"\/>\n\n\n\n<div class=\"wp-block-group has-global-padding is-layout-constrained wp-container-core-group-is-layout-c312d2cd wp-block-group-is-layout-constrained\" style=\"padding-right:var(--wp--preset--spacing--x-small);padding-left:var(--wp--preset--spacing--x-small)\">\n<h3 class=\"wp-block-heading has-text-color has-link-color wp-elements-9cc27de5dc56c4c01333339ff7d80823\" style=\"color:#445b70\"><strong>Servicios Globales de HLA<\/strong><\/h3>\n\n\n\n<p>Estaremos junto a ti desde el Pre-Kinder hasta tu graduaci\u00f3n.<\/p>\n\n\n\n<figure class=\"wp-block-image aligncenter size-full\"><img decoding=\"async\" width=\"997\" height=\"998\" src=\"https:\/\/idohomeschooling.com\/wp-content\/uploads\/2025\/10\/HLA.webp\" alt=\"\" class=\"wp-image-1036\" srcset=\"https:\/\/idohomeschooling.com\/wp-content\/uploads\/2025\/10\/HLA.webp 997w, https:\/\/idohomeschooling.com\/wp-content\/uploads\/2025\/10\/HLA-300x300.webp 300w, https:\/\/idohomeschooling.com\/wp-content\/uploads\/2025\/10\/HLA-150x150.webp 150w, https:\/\/idohomeschooling.com\/wp-content\/uploads\/2025\/10\/HLA-768x769.webp 768w\" sizes=\"(max-width: 997px) 100vw, 997px\" \/><\/figure>\n<\/div>\n\n\n\n<hr class=\"wp-block-separator aligncenter has-alpha-channel-opacity\"\/>\n\n\n\n<div class=\"wp-block-group has-ast-global-color-5-background-color has-background has-global-padding is-layout-constrained wp-block-group-is-layout-constrained\">\n<h3 class=\"wp-block-heading has-text-color has-link-color wp-elements-c4a817f1ca70d92a527dd7ee44702710\" style=\"color:#445b70\"><strong>Documentos que entrega HLA<\/strong><\/h3>\n\n\n\n<p>HomeLife Academy entrega los siguientes documentos:<br><br><strong>Comprobante de inscripci\u00f3n<\/strong><\/p>\n\n\n\n<figure class=\"wp-block-image aligncenter size-full\"><img loading=\"lazy\" decoding=\"async\" width=\"757\" height=\"772\" src=\"https:\/\/idohomeschooling.com\/wp-content\/uploads\/2025\/11\/Proof.webp\" alt=\"\" class=\"wp-image-1548\" srcset=\"https:\/\/idohomeschooling.com\/wp-content\/uploads\/2025\/11\/Proof.webp 757w, https:\/\/idohomeschooling.com\/wp-content\/uploads\/2025\/11\/Proof-294x300.webp 294w, https:\/\/idohomeschooling.com\/wp-content\/uploads\/2025\/11\/Proof-600x612.webp 600w\" sizes=\"(max-width: 757px) 100vw, 757px\" \/><\/figure>\n\n\n\n<p>Certificado <strong>Apostillado<\/strong> por la HAYA<\/p>\n\n\n\n<figure class=\"wp-block-image aligncenter size-full\"><img loading=\"lazy\" decoding=\"async\" width=\"687\" height=\"937\" src=\"https:\/\/idohomeschooling.com\/wp-content\/uploads\/2025\/11\/certificado.webp\" alt=\"\" class=\"wp-image-1550\" srcset=\"https:\/\/idohomeschooling.com\/wp-content\/uploads\/2025\/11\/certificado.webp 687w, https:\/\/idohomeschooling.com\/wp-content\/uploads\/2025\/11\/certificado-220x300.webp 220w, https:\/\/idohomeschooling.com\/wp-content\/uploads\/2025\/11\/certificado-600x818.webp 600w\" sizes=\"(max-width: 687px) 100vw, 687px\" \/><\/figure>\n\n\n\n<p>Diploma <strong>Apostillado<\/strong> por la HAYA<\/p>\n\n\n\n<figure class=\"wp-block-image aligncenter size-full\"><img loading=\"lazy\" decoding=\"async\" width=\"936\" height=\"732\" src=\"https:\/\/idohomeschooling.com\/wp-content\/uploads\/2025\/11\/Diploma.webp\" alt=\"\" class=\"wp-image-1553\" srcset=\"https:\/\/idohomeschooling.com\/wp-content\/uploads\/2025\/11\/Diploma.webp 936w, https:\/\/idohomeschooling.com\/wp-content\/uploads\/2025\/11\/Diploma-300x235.webp 300w, https:\/\/idohomeschooling.com\/wp-content\/uploads\/2025\/11\/Diploma-768x601.webp 768w\" sizes=\"(max-width: 936px) 100vw, 936px\" \/><\/figure>\n<\/div>\n","protected":false},"excerpt":{"rendered":"<p>Homelife Academy es una innovadora escuela y ministerio cristiano que rompe moldes tradicionales, ofreciendo educaci\u00f3n personalizada a estudiantes de 4 a 17 a\u00f1os o m\u00e1s, en niveles desde Pre-Kinder hasta 12\u00ba grado. Con una visi\u00f3n global, nuestro deseo es ayudar a las familias y educadores en el hogar proporcion\u00e1ndoles acceso a recursos educativos de alta &hellip; <\/p>\n<p class=\"link-more\"><a href=\"https:\/\/idohomeschooling.com\/?page_id=61\" class=\"more-link\">Leer m\u00e1s<span class=\"screen-reader-text\"> \u00abHLA\u00bb<\/span><\/a><\/p>\n","protected":false},"author":1,"featured_media":0,"parent":0,"menu_order":0,"comment_status":"closed","ping_status":"closed","template":"elementor_header_footer","meta":{"_uag_custom_page_level_css":"","inspiro_hide_title":false,"_joinchat":[],"footnotes":""},"class_list":["post-61","page","type-page","status-publish","hentry"],"uagb_featured_image_src":{"full":false,"thumbnail":false,"medium":false,"medium_large":false,"large":false,"1536x1536":false,"2048x2048":false,"inspiro-featured-image":false,"inspiro-loop":false,"inspiro-loop@2x":false,"portfolio_item-thumbnail":false,"portfolio_item-thumbnail@2x":false,"portfolio_item-masonry":false,"portfolio_item-masonry@2x":false,"portfolio_item-thumbnail_cinema":false,"portfolio_item-thumbnail_portrait":false,"portfolio_item-thumbnail_portrait@2x":false,"portfolio_item-thumbnail_square":false},"uagb_author_info":{"display_name":"santiago","author_link":"https:\/\/idohomeschooling.com\/?author=1"},"uagb_comment_info":0,"uagb_excerpt":"Homelife Academy es una innovadora escuela y ministerio cristiano que rompe moldes tradicionales, ofreciendo educaci\u00f3n personalizada a estudiantes de 4 a 17 a\u00f1os o m\u00e1s, en niveles desde Pre-Kinder hasta 12\u00ba grado. Con una visi\u00f3n global, nuestro deseo es ayudar a las familias y educadores en el hogar proporcion\u00e1ndoles acceso a recursos educativos de alta&hellip;","featured_media_urls":[],"_links":{"self":[{"href":"https:\/\/idohomeschooling.com\/index.php?rest_route=\/wp\/v2\/pages\/61","targetHints":{"allow":["GET"]}}],"collection":[{"href":"https:\/\/idohomeschooling.com\/index.php?rest_route=\/wp\/v2\/pages"}],"about":[{"href":"https:\/\/idohomeschooling.com\/index.php?rest_route=\/wp\/v2\/types\/page"}],"author":[{"embeddable":true,"href":"https:\/\/idohomeschooling.com\/index.php?rest_route=\/wp\/v2\/users\/1"}],"replies":[{"embeddable":true,"href":"https:\/\/idohomeschooling.com\/index.php?rest_route=%2Fwp%2Fv2%2Fcomments&post=61"}],"version-history":[{"count":73,"href":"https:\/\/idohomeschooling.com\/index.php?rest_route=\/wp\/v2\/pages\/61\/revisions"}],"predecessor-version":[{"id":1752,"href":"https:\/\/idohomeschooling.com\/index.php?rest_route=\/wp\/v2\/pages\/61\/revisions\/1752"}],"wp:attachment":[{"href":"https:\/\/idohomeschooling.com\/index.php?rest_route=%2Fwp%2Fv2%2Fmedia&parent=61"}],"curies":[{"name":"wp","href":"https:\/\/api.w.org\/{rel}","templated":true}]}}