
{"id":11,"date":"2025-10-28T02:21:25","date_gmt":"2025-10-28T02:21:25","guid":{"rendered":"https:\/\/idohomeschooling.com\/?page_id=11"},"modified":"2025-12-15T02:56:15","modified_gmt":"2025-12-15T02:56:15","slug":"preguntas","status":"publish","type":"page","link":"https:\/\/idohomeschooling.com\/?page_id=11","title":{"rendered":"Preguntas Frecuentes"},"content":{"rendered":"\n<div class=\"wp-block-group is-vertical is-content-justification-left is-layout-flex wp-container-core-group-is-layout-dd225191 wp-block-group-is-layout-flex\">\n<figure class=\"wp-block-image size-large\"><img fetchpriority=\"high\" decoding=\"async\" width=\"1024\" height=\"301\" src=\"https:\/\/idohomeschooling.com\/wp-content\/uploads\/2025\/11\/faqs2-1024x301.webp\" alt=\"\" class=\"wp-image-1197\" srcset=\"https:\/\/idohomeschooling.com\/wp-content\/uploads\/2025\/11\/faqs2-1024x301.webp 1024w, https:\/\/idohomeschooling.com\/wp-content\/uploads\/2025\/11\/faqs2-300x88.webp 300w, https:\/\/idohomeschooling.com\/wp-content\/uploads\/2025\/11\/faqs2-768x226.webp 768w, https:\/\/idohomeschooling.com\/wp-content\/uploads\/2025\/11\/faqs2.webp 1100w\" sizes=\"(max-width: 1024px) 100vw, 1024px\" \/><\/figure>\n<\/div>\n\n\n\n<p class=\"has-text-color has-background has-link-color wp-elements-96064e1d622c6e43753ae432e305c7d4\" style=\"color:#ffd900;background-color:#445b70;font-size:clamp(14px, 0.875rem + ((1vw - 3.2px) * 0.354), 18px);\">\u00ab<strong>Somos m\u00e1s que un servicio; somos el puente s\u00f3lido que conecta su visi\u00f3n<\/strong> <em><strong>Homeschool<\/strong><\/em> <strong>con la validaci\u00f3n internacional.\u00bb<\/strong><\/p>\n\n\n\n<div class=\"wp-block-uagb-container uagb-block-885e5e84 alignfull uagb-is-root-container\"><div class=\"uagb-container-inner-blocks-wrap\">\n<details class=\"wp-block-details is-layout-flow wp-block-details-is-layout-flow\" style=\"font-size:clamp(14px, 0.875rem + ((1vw - 3.2px) * 0.177), 16px);\"><summary><strong>1. \u00bfQu\u00e9 es (HLA)?<\/strong><\/summary>\n<p style=\"font-size:clamp(14px, 0.875rem + ((1vw - 3.2px) * 0.177), 16px);\">\u00abHomelife Academy es su aliado en la educaci\u00f3n en casa. Esta escuela privada no tradicional (Preescolar) acredita oficialmente los estudios de miles de familias, garantizando una transici\u00f3n exitosa: sus diplomas son reconocidos y aceptados en m\u00faltiples centros de educaci\u00f3n superior a nivel mundial la cual mantiene convenios con la HAYA .\u00bb<\/p>\n<\/details>\n\n\n\n<details class=\"wp-block-details is-layout-flow wp-block-details-is-layout-flow\" style=\"font-size:clamp(14px, 0.875rem + ((1vw - 3.2px) * 0.177), 16px);\"><summary><strong><strong>2. \u00bfD\u00f3nde est\u00e1 ubicada HLA?<\/strong><\/strong><\/summary>\n<p style=\"font-size:clamp(14px, 0.875rem + ((1vw - 3.2px) * 0.177), 16px);\">Est\u00e1 ubicado en el estado de Tennessee en los Estados Unidos.<\/p>\n<\/details>\n\n\n\n<details class=\"wp-block-details is-layout-flow wp-block-details-is-layout-flow\" style=\"font-size:clamp(14px, 0.875rem + ((1vw - 3.2px) * 0.177), 16px);\"><summary><strong><strong><strong>3. \u00bf (HLA) cuenta con alg\u00fan plantel o campus educativo f\u00edsico?<\/strong><\/strong><\/strong><\/summary>\n<p style=\"font-size:clamp(14px, 0.875rem + ((1vw - 3.2px) * 0.177), 16px);\">No. HomeLife Academy opera bajo el modelo de escuela privada no tradicional (\u00abescuela sombrilla\u00bb). HLA no utiliza instalaciones f\u00edsicas ni campus. La instrucci\u00f3n acad\u00e9mica es completamente dirigida por los padres, quienes eligen el entorno de aprendizaje (el hogar o cualquier otro lugar) y el m\u00e9todo de ense\u00f1anza que mejor se adapte a sus estudiantes.<\/p>\n<\/details>\n\n\n\n<details class=\"wp-block-details is-layout-flow wp-block-details-is-layout-flow\" style=\"font-size:clamp(14px, 0.875rem + ((1vw - 3.2px) * 0.177), 16px);\"><summary><strong><strong><strong><strong>4. \u00bfHLA acepta la inscripci\u00f3n de familias que no residen en los Estados Unidos?<\/strong><\/strong><\/strong><\/strong><\/summary>\n<p style=\"font-size:clamp(14px, 0.875rem + ((1vw - 3.2px) * 0.177), 16px);\">Absolutamente. HLA es una escuela de alcance global y brinda servicios de acreditaci\u00f3n a miles de familias en m\u00e1s de 100 pa\u00edses alrededor del mundo, facilitando la validaci\u00f3n internacional de sus estudios <em>homeschool<\/em>.<\/p>\n<\/details>\n\n\n\n<details class=\"wp-block-details is-layout-flow wp-block-details-is-layout-flow\" style=\"font-size:clamp(14px, 0.875rem + ((1vw - 3.2px) * 0.177), 16px);\"><summary><strong><strong><strong><strong><strong>5. \u00bfCu\u00e1l es la estructura de costos (inscripci\u00f3n y mensualidades)?<\/strong><\/strong><\/strong><\/strong><\/strong><\/summary>\n<p style=\"font-size:clamp(14px, 0.875rem + ((1vw - 3.2px) * 0.177), 16px);\">Tarifas matr\u00edcula LATAM (Marzo-Diciembre 2025-2026)<\/p>\n\n\n\n<ul class=\"wp-block-list\">\n<li style=\"font-size:clamp(14px, 0.875rem + ((1vw - 3.2px) * 0.177), 16px);\">Matr\u00edcula anticipada: Si paga desde el 1 de septiembre hasta el 31 de diciembre durante el a\u00f1o 2025 har\u00e1 un solo pago de $250.00 d\u00f3lares por todo un a\u00f1o lectivo, para su familia, sin l\u00edmite de hijos.<\/li>\n\n\n\n<li>Matr\u00edcula con semestre en curso: Si paga desde el 1 de enero hasta el 31 de julio durante el a\u00f1o 2026 har\u00e1 un solo pago de $285.00 d\u00f3lares por todo un a\u00f1o lectivo, para su familia, sin l\u00edmite de hijos.<\/li>\n<\/ul>\n\n\n\n<p style=\"font-size:clamp(14px, 0.875rem + ((1vw - 3.2px) * 0.177), 16px);\">Tarifas matr\u00edcula USA (Agosto-Mayo 2025-2026)<\/p>\n\n\n\n<ul class=\"wp-block-list\">\n<li style=\"font-size:clamp(14px, 0.875rem + ((1vw - 3.2px) * 0.177), 16px);\">Matr\u00edcula anticipada: Si paga desde el 1 de abril hasta el 31 de julio durante el a\u00f1o 2025 har\u00e1 un solo pago de $250.00 d\u00f3lares por todo un a\u00f1o lectivo, para su familia, sin l\u00edmite de hijos.<\/li>\n\n\n\n<li>Matr\u00edcula con semestre en curso: Si paga desde el 1 de agosto hasta el 31 de diciembre durante el a\u00f1o 2026 har\u00e1 un solo pago de $285.00 d\u00f3lares por todo un a\u00f1o lectivo, para su familia, sin l\u00edmite de hijos.<\/li>\n<\/ul>\n<\/details>\n\n\n\n<details class=\"wp-block-details is-layout-flow wp-block-details-is-layout-flow\" style=\"font-size:clamp(14px, 0.875rem + ((1vw - 3.2px) * 0.177), 16px);\"><summary><strong><strong><strong><strong><strong>6. \u00bfCu\u00e1les son los requisitos b\u00e1sicos para la inscripci\u00f3n de la familia?<\/strong><\/strong><\/strong><\/strong><\/strong><\/summary>\n<p style=\"font-size:clamp(14px, 0.875rem + ((1vw - 3.2px) * 0.177), 16px);\">El requisito fundamental es que la familia disponga de <strong>acceso a Internet<\/strong> y una <strong>cuenta de correo electr\u00f3nico<\/strong> que verifique con regularidad. Esto es esencial, ya que la gesti\u00f3n acad\u00e9mica (introducci\u00f3n del plan educativo, registro de notas y, opcionalmente, asistencia) se realiza completamente a trav\u00e9s de su plataforma en l\u00ednea, llamada <strong>AppleCore<\/strong>. El correo electr\u00f3nico es el canal principal de comunicaci\u00f3n con HLA.<\/p>\n<\/details>\n\n\n\n<details class=\"wp-block-details is-layout-flow wp-block-details-is-layout-flow\" style=\"font-size:clamp(14px, 0.875rem + ((1vw - 3.2px) * 0.177), 16px);\"><summary><strong><strong><strong><strong><strong><strong>7. \u00bfHLA solicita ex\u00e1menes de admisi\u00f3n o requiere presentar documentaci\u00f3n previa para el ingreso?<\/strong><\/strong><\/strong><\/strong><\/strong><\/strong><\/summary>\n<p style=\"font-size:clamp(14px, 0.875rem + ((1vw - 3.2px) * 0.177), 16px);\">No. Para la inscripci\u00f3n, HLA <strong>no exige la presentaci\u00f3n de documentos previos<\/strong> ni la realizaci\u00f3n de <strong>ex\u00e1menes de admisi\u00f3n<\/strong> para aceptar a sus estudiantes. Sin embargo, muchas familias optan por realizar pruebas diagn\u00f3sticas por su cuenta para determinar con precisi\u00f3n el nivel acad\u00e9mico m\u00e1s adecuado para iniciar el curr\u00edculo.<\/p>\n<\/details>\n\n\n\n<details class=\"wp-block-details is-layout-flow wp-block-details-is-layout-flow\" style=\"font-size:clamp(14px, 0.875rem + ((1vw - 3.2px) * 0.177), 16px);\"><summary><strong><strong><strong><strong><strong><strong><strong>8. \u00bfLa tarifa de inscripci\u00f3n a HLA incluye los libros o el curr\u00edculo de estudio?<\/strong><\/strong><\/strong><\/strong><\/strong><\/strong><\/strong><\/summary>\n<p style=\"font-size:clamp(14px, 0.875rem + ((1vw - 3.2px) * 0.177), 16px);\">No. HomeLife Academy no provee el curr\u00edculo ni los recursos educativos (libros, software, etc.). La elecci\u00f3n del material y el m\u00e9todo de ense\u00f1anza es una responsabilidad y un beneficio exclusivo de los padres, quienes tienen la libertad de dise\u00f1ar el plan de estudios m\u00e1s adecuado.<\/p>\n<\/details>\n\n\n\n<details class=\"wp-block-details is-layout-flow wp-block-details-is-layout-flow\" style=\"font-size:clamp(14px, 0.875rem + ((1vw - 3.2px) * 0.177), 16px);\"><summary><strong><strong><strong><strong><strong><strong><strong><strong>9. \u00bfPuedo usar libros y recursos educativos de mi pa\u00eds de residencia como curr\u00edculo?<\/strong><\/strong><\/strong><\/strong><\/strong><\/strong><\/strong><\/strong><\/summary>\n<p style=\"font-size:clamp(14px, 0.875rem + ((1vw - 3.2px) * 0.177), 16px);\">S\u00ed, absolutamente. HLA es altamente flexible y permite a las familias seleccionar el curr\u00edculo que mejor se adapte a sus necesidades, incluyendo recursos y libros educativos provenientes de su propio pa\u00eds.<\/p>\n<\/details>\n\n\n\n<details class=\"wp-block-details is-layout-flow wp-block-details-is-layout-flow\" style=\"font-size:clamp(14px, 0.875rem + ((1vw - 3.2px) * 0.177), 16px);\"><summary><strong><strong><strong><strong><strong><strong><strong><strong><strong>10. \u00bfDesde qu\u00e9 edad o nivel acad\u00e9mico un ni\u00f1o puede iniciar sus estudios?<\/strong><\/strong><\/strong><\/strong><\/strong><\/strong><\/strong><\/strong><\/strong><\/summary>\n<p style=\"font-size:clamp(14px, 0.875rem + ((1vw - 3.2px) * 0.177), 16px);\">La HLA atiende a estudiantes desde los 4 a\u00f1os de edad hasta grado 12 (17 a\u00f1os y m\u00e1s) graduaci\u00f3n.<\/p>\n<\/details>\n\n\n\n<details class=\"wp-block-details is-layout-flow wp-block-details-is-layout-flow\" style=\"font-size:clamp(14px, 0.875rem + ((1vw - 3.2px) * 0.177), 16px);\"><summary><strong><strong><strong><strong><strong><strong><strong><strong><strong><strong>11. \u00bfSe pueden contratar tutores para las clases, o la instrucci\u00f3n debe ser exclusivamente por parte de los padres?<\/strong><\/strong><\/strong><\/strong><\/strong><\/strong><\/strong><\/strong><\/strong><\/strong><\/summary>\n<p style=\"font-size:clamp(14px, 0.875rem + ((1vw - 3.2px) * 0.177), 16px);\">S\u00ed, el uso de tutores es completamente aceptado y recomendado. Los tutores (presenciales o virtuales) son una excelente opci\u00f3n para ofrecer contenido especializado (por ejemplo, idiomas, m\u00fasica, matem\u00e1ticas avanzadas). Esta opci\u00f3n ampl\u00eda el contenido sin que los padres se retiren del proceso; por el contrario, les permite supervisar y enriquecer a\u00fan m\u00e1s la experiencia educativa de sus hijos.<\/p>\n<\/details>\n\n\n\n<details class=\"wp-block-details is-layout-flow wp-block-details-is-layout-flow\" style=\"font-size:clamp(14px, 0.875rem + ((1vw - 3.2px) * 0.177), 16px);\"><summary><strong><strong><strong><strong><strong><strong><strong><strong><strong><strong><strong>12. \u00bfCu\u00e1l es la fecha l\u00edmite para la inscripci\u00f3n y cu\u00e1ndo se puede iniciar el a\u00f1o escolar?<\/strong><\/strong><\/strong><\/strong><\/strong><\/strong><\/strong><\/strong><\/strong><\/strong><\/strong><\/summary>\n<p style=\"font-size:clamp(14px, 0.875rem + ((1vw - 3.2px) * 0.177), 16px);\">HLA opera con dos calendarios de inscripci\u00f3n con fechas l\u00edmite espec\u00edficas:<\/p>\n\n\n\n<ul class=\"wp-block-list\">\n<li><strong>Calendario Latinoamericano<\/strong> <strong>(febrero a diciembre<\/strong>): La fecha l\u00edmite de inscripci\u00f3n es el 1 de octubre. (tomar en cuenta para el icono de inscripci\u00f3n estas fechas)<\/li>\n\n\n\n<li><strong>Calendario Americano (agosto a mayo):<\/strong> La fecha l\u00edmite de inscripci\u00f3n es el 1 de agosto.<\/li>\n<\/ul>\n\n\n\n<p>Una vez que sus estudiantes han sido matriculados y confirmada su inscripci\u00f3n, pueden iniciar sus clases de inmediato seg\u00fan el calendario elegido.<\/p>\n<\/details>\n\n\n\n<details class=\"wp-block-details is-layout-flow wp-block-details-is-layout-flow\" style=\"font-size:clamp(14px, 0.875rem + ((1vw - 3.2px) * 0.177), 16px);\"><summary><strong>13. \u00bfEs legal practicar la educaci\u00f3n en casa (Yo hago Homeschooling) en mi pa\u00eds de residencia?<\/strong><\/summary>\n<p style=\"font-size:clamp(14px, 0.875rem + ((1vw - 3.2px) * 0.177), 16px);\">La legalidad del Homeschooling var\u00eda considerablemente seg\u00fan la jurisdicci\u00f3n. HLA opera bajo las leyes de Estados Unidos. Es responsabilidad de cada familia verificar y cumplir con la legislaci\u00f3n espec\u00edfica de su pa\u00eds. Sugerimos consultar las regulaciones a trav\u00e9s de su ministerio de educaci\u00f3n local o de grupos de apoyo y asociaciones de educaci\u00f3n en casa: Yo Hago Homeschooling.<\/p>\n<\/details>\n\n\n\n<details class=\"wp-block-details is-layout-flow wp-block-details-is-layout-flow\" style=\"font-size:clamp(14px, 0.875rem + ((1vw - 3.2px) * 0.177), 16px);\"><summary><strong>14. \u00bfPuede un estudiante que haya iniciado el a\u00f1o escolar de forma presencial continuar el mismo a\u00f1o con HLA?<\/strong><\/summary>\n<p style=\"font-size:clamp(14px, 0.875rem + ((1vw - 3.2px) * 0.177), 16px);\">S\u00ed, la transferencia a mitad de a\u00f1o es posible. Puede registrar las mismas materias que cursaba en su educaci\u00f3n presencial a trav\u00e9s de la plataforma AppleCore. HLA ofrece flexibilidad, por lo que la familia no est\u00e1 obligada a seguir el curr\u00edculo anterior al pie de la letra, sino que puede adaptarlo a sus necesidades.<\/p>\n<\/details>\n\n\n\n<details class=\"wp-block-details is-layout-flow wp-block-details-is-layout-flow\" style=\"font-size:clamp(14px, 0.875rem + ((1vw - 3.2px) * 0.177), 16px);\"><summary><strong>15. \u00bfLos estudiantes inscritos en HLA deben viajar a Estados Unidos en alg\u00fan momento?<\/strong><\/summary>\n<p style=\"font-size:clamp(14px, 0.875rem + ((1vw - 3.2px) * 0.177), 16px);\">No. La acreditaci\u00f3n y la gesti\u00f3n educativa a trav\u00e9s de Homelife Academy son 100% remotas. No es requerido ni necesario que los estudiantes viajen a los Estados Unidos durante el proceso de inscripci\u00f3n o graduaci\u00f3n.<\/p>\n<\/details>\n<\/div><\/div>\n","protected":false},"excerpt":{"rendered":"<p>\u00abSomos m\u00e1s que un servicio; somos el puente s\u00f3lido que conecta su visi\u00f3n Homeschool con la validaci\u00f3n internacional.\u00bb<\/p>\n","protected":false},"author":1,"featured_media":0,"parent":0,"menu_order":0,"comment_status":"closed","ping_status":"closed","template":"elementor_header_footer","meta":{"_uag_custom_page_level_css":"","inspiro_hide_title":false,"_joinchat":[],"footnotes":""},"class_list":["post-11","page","type-page","status-publish","hentry"],"uagb_featured_image_src":{"full":false,"thumbnail":false,"medium":false,"medium_large":false,"large":false,"1536x1536":false,"2048x2048":false,"inspiro-featured-image":false,"inspiro-loop":false,"inspiro-loop@2x":false,"portfolio_item-thumbnail":false,"portfolio_item-thumbnail@2x":false,"portfolio_item-masonry":false,"portfolio_item-masonry@2x":false,"portfolio_item-thumbnail_cinema":false,"portfolio_item-thumbnail_portrait":false,"portfolio_item-thumbnail_portrait@2x":false,"portfolio_item-thumbnail_square":false},"uagb_author_info":{"display_name":"santiago","author_link":"https:\/\/idohomeschooling.com\/?author=1"},"uagb_comment_info":0,"uagb_excerpt":"\u00abSomos m\u00e1s que un servicio; somos el puente s\u00f3lido que conecta su visi\u00f3n Homeschool con la validaci\u00f3n internacional.\u00bb","featured_media_urls":[],"_links":{"self":[{"href":"https:\/\/idohomeschooling.com\/index.php?rest_route=\/wp\/v2\/pages\/11","targetHints":{"allow":["GET"]}}],"collection":[{"href":"https:\/\/idohomeschooling.com\/index.php?rest_route=\/wp\/v2\/pages"}],"about":[{"href":"https:\/\/idohomeschooling.com\/index.php?rest_route=\/wp\/v2\/types\/page"}],"author":[{"embeddable":true,"href":"https:\/\/idohomeschooling.com\/index.php?rest_route=\/wp\/v2\/users\/1"}],"replies":[{"embeddable":true,"href":"https:\/\/idohomeschooling.com\/index.php?rest_route=%2Fwp%2Fv2%2Fcomments&post=11"}],"version-history":[{"count":32,"href":"https:\/\/idohomeschooling.com\/index.php?rest_route=\/wp\/v2\/pages\/11\/revisions"}],"predecessor-version":[{"id":1744,"href":"https:\/\/idohomeschooling.com\/index.php?rest_route=\/wp\/v2\/pages\/11\/revisions\/1744"}],"wp:attachment":[{"href":"https:\/\/idohomeschooling.com\/index.php?rest_route=%2Fwp%2Fv2%2Fmedia&parent=11"}],"curies":[{"name":"wp","href":"https:\/\/api.w.org\/{rel}","templated":true}]}}